{"id":93,"date":"2012-07-28T22:41:13","date_gmt":"2012-07-28T20:41:13","guid":{"rendered":"http:\/\/www.nuage.ch\/site2\/?page_id=93"},"modified":"2012-08-10T22:18:27","modified_gmt":"2012-08-10T20:18:27","slug":"montpreveyres","status":"publish","type":"page","link":"https:\/\/nuage.ch\/site\/montpreveyres\/","title":{"rendered":"Montpreveyres"},"content":{"rendered":"<p>Ici tu peux acc\u00e9der \u00e0 mes donn\u00e9es m\u00e9t\u00e9o et \u00e0 mes cam\u00e9ras Internet.<\/p>\n<div class=\"menu\"><ul>\n<li ><a href=\"https:\/\/nuage.ch\/site\/\">Home<\/a><\/li><li class=\"page_item page-item-427\"><a href=\"https:\/\/nuage.ch\/site\/montpreveyres\/montpreveyres-hd\/\">Webcam Mol\u00e9son<\/a><\/li>\n<li class=\"page_item page-item-1571\"><a href=\"https:\/\/nuage.ch\/site\/montpreveyres\/montagnes-ir\/\">Montagnes Infrarouge<\/a><\/li>\n<li class=\"page_item page-item-490\"><a href=\"https:\/\/nuage.ch\/site\/montpreveyres\/photovoltaique\/\">Panneaux Photovolta\u00efque<\/a><\/li>\n<li class=\"page_item page-item-177\"><a href=\"https:\/\/nuage.ch\/site\/montpreveyres\/techniquement\/\">Techniquement<\/a><\/li>\n<\/ul><\/div>\n\n","protected":false},"excerpt":{"rendered":"<p>Ici tu peux acc\u00e9der \u00e0 mes donn\u00e9es m\u00e9t\u00e9o et \u00e0 mes cam\u00e9ras Internet.<\/p>\n","protected":false},"author":1,"featured_media":0,"parent":0,"menu_order":20,"comment_status":"closed","ping_status":"open","template":"","meta":{"_crdt_document":"","jetpack_post_was_ever_published":false,"footnotes":""},"class_list":["post-93","page","type-page","status-publish","hentry"],"jetpack_shortlink":"https:\/\/wp.me\/P50cYU-1v","jetpack_sharing_enabled":true,"_links":{"self":[{"href":"https:\/\/nuage.ch\/site\/wp-json\/wp\/v2\/pages\/93","targetHints":{"allow":["GET"]}}],"collection":[{"href":"https:\/\/nuage.ch\/site\/wp-json\/wp\/v2\/pages"}],"about":[{"href":"https:\/\/nuage.ch\/site\/wp-json\/wp\/v2\/types\/page"}],"author":[{"embeddable":true,"href":"https:\/\/nuage.ch\/site\/wp-json\/wp\/v2\/users\/1"}],"replies":[{"embeddable":true,"href":"https:\/\/nuage.ch\/site\/wp-json\/wp\/v2\/comments?post=93"}],"version-history":[{"count":0,"href":"https:\/\/nuage.ch\/site\/wp-json\/wp\/v2\/pages\/93\/revisions"}],"wp:attachment":[{"href":"https:\/\/nuage.ch\/site\/wp-json\/wp\/v2\/media?parent=93"}],"curies":[{"name":"wp","href":"https:\/\/api.w.org\/{rel}","templated":true}]}}