{"id":490,"date":"2015-06-05T12:41:16","date_gmt":"2015-06-05T10:41:16","guid":{"rendered":"https:\/\/nuage.ch\/site\/?page_id=490"},"modified":"2024-03-17T18:54:54","modified_gmt":"2024-03-17T17:54:54","slug":"photovoltaique","status":"publish","type":"page","link":"https:\/\/nuage.ch\/site\/montpreveyres\/photovoltaique\/","title":{"rendered":"Panneaux Photovolta\u00efque"},"content":{"rendered":"\n<p class=\"wp-block-paragraph\">Panneaux photovolta\u00efques: 19x270W (5.1 KW), Yingli Solar YL270C-30b (31m2) &#8211; Inclinaison du toit: 35\u00b0 &#8211; Orientation: +40\u00b0 (sud-est) <\/p>\n\n\n\n<p class=\"wp-block-paragraph\">Kit achet\u00e9 sur : <a href=\"https:\/\/www.scdi.ch\/fr\/kit-solaire-photovoltaique.html\">scdi.ch<\/a><\/p>\n\n\n\n<ul class=\"wp-block-list\">\n<li>1000 Watt = 1KW => Valeur instantan\u00e9e<\/li>\n\n\n\n<li>Un aspirateur utilise 1000-2000 Watt, une ampoule \u00e9conomique 10-20 watts<\/li>\n\n\n\n<li>1KWH = 1000 Watt durant une heure, quantit\u00e9 d&#8217;\u00e9nergie produite ou consomm\u00e9e.<\/li>\n\n\n\n<li>1kwh co\u00fbte environ 20-25 centimes dans le canton de Vaud<\/li>\n<\/ul>\n\n\n\n<p class=\"wp-block-paragraph\">Vous pouvez voir sur le site de sunnyportal (SMA)<\/p>\n\n\n\n<ul class=\"wp-block-list\">\n<li><a href=\"https:\/\/www.sunnyportal.com\/Templates\/PublicPage.aspx?page=9691ebca-00bd-4e2d-90b0-5c8fe9810ed3\">Ma production annuelle<\/a>.<\/li>\n\n\n\n<li><a href=\"https:\/\/www.sunnyportal.com\/Templates\/PublicPage.aspx?page=8a76a22e-f28c-474b-9ded-53c8572e63c1\">Ma production par jour, mois, ann\u00e9e et actuelle<\/a>.<\/li>\n<\/ul>\n","protected":false},"excerpt":{"rendered":"<p>Panneaux photovolta\u00efques: 19x270W (5.1 KW), Yingli Solar YL270C-30b (31m2) &#8211; Inclinaison du toit: 35\u00b0 &#8211; Orientation: +40\u00b0 (sud-est) Kit achet\u00e9 sur : scdi.ch Vous pouvez voir sur le site de sunnyportal (SMA)<\/p>\n","protected":false},"author":1,"featured_media":0,"parent":93,"menu_order":50,"comment_status":"closed","ping_status":"open","template":"page-templates\/template-fullwidth.php","meta":{"_crdt_document":"","jetpack_post_was_ever_published":false,"footnotes":""},"class_list":["post-490","page","type-page","status-publish","hentry"],"jetpack_shortlink":"https:\/\/wp.me\/P50cYU-7U","jetpack_sharing_enabled":true,"_links":{"self":[{"href":"https:\/\/nuage.ch\/site\/wp-json\/wp\/v2\/pages\/490","targetHints":{"allow":["GET"]}}],"collection":[{"href":"https:\/\/nuage.ch\/site\/wp-json\/wp\/v2\/pages"}],"about":[{"href":"https:\/\/nuage.ch\/site\/wp-json\/wp\/v2\/types\/page"}],"author":[{"embeddable":true,"href":"https:\/\/nuage.ch\/site\/wp-json\/wp\/v2\/users\/1"}],"replies":[{"embeddable":true,"href":"https:\/\/nuage.ch\/site\/wp-json\/wp\/v2\/comments?post=490"}],"version-history":[{"count":1,"href":"https:\/\/nuage.ch\/site\/wp-json\/wp\/v2\/pages\/490\/revisions"}],"predecessor-version":[{"id":2075,"href":"https:\/\/nuage.ch\/site\/wp-json\/wp\/v2\/pages\/490\/revisions\/2075"}],"up":[{"embeddable":true,"href":"https:\/\/nuage.ch\/site\/wp-json\/wp\/v2\/pages\/93"}],"wp:attachment":[{"href":"https:\/\/nuage.ch\/site\/wp-json\/wp\/v2\/media?parent=490"}],"curies":[{"name":"wp","href":"https:\/\/api.w.org\/{rel}","templated":true}]}}