{"id":427,"date":"2022-06-05T23:28:26","date_gmt":"2022-06-05T21:28:26","guid":{"rendered":"http:\/\/www.nuage.ch\/site\/?page_id=427"},"modified":"2022-06-07T14:01:50","modified_gmt":"2022-06-07T12:01:50","slug":"montpreveyres-hd","status":"publish","type":"page","link":"https:\/\/nuage.ch\/site\/montpreveyres\/montpreveyres-hd\/","title":{"rendered":"Webcam Mol\u00e9son"},"content":{"rendered":"\n<p class=\"wp-block-paragraph\">Cam\u00e9ra en direction du Mol\u00e9son depuis Montpreveyres<\/p>\n\n\n\n<input type=\"hidden\" name=\"webrtc-url\" id=\"webrtc-url\" value=\"https:\/\/cam.nuage.ch\/stream\/19c5065b-8904-4293-9fe3-87858b5c0a8d\/channel\/0\/webrtc?uuid=19c5065b-8904-4293-9fe3-87858b5c0a8d&amp;channel=0\">\n\n\n\n<input type=\"hidden\" name=\"hls-url\" id=\"hls-url\" value=\"https:\/\/cam.nuage.ch\/stream\/19c5065b-8904-4293-9fe3-87858b5c0a8d\/channel\/0\/hls\/live\/index.m3u8\">\n\n\n\n<p class=\"wp-block-paragraph\"><video id=\"wc-video\" autoplay=\"\" muted=\"\" playsinline=\"\" controls=\"\" style=\"max-width: 100%; max-height: 100%;\"><\/video><\/p>\n\n\n\n<!--script src=\"http:\/\/www.nuage.ch\/cam-webrtc.js\"><\/script-->\n<script src=\"https:\/\/cdn.jsdelivr.net\/npm\/hls.js@latest\"><\/script>\n<script src=\"http:\/\/www.nuage.ch\/cam-hls.js\"><\/script>\n\n\n\n<iframe loading=\"lazy\" src=\"https:\/\/graphapi.nuage.ch\/?pre=Temp\u00e9rature&amp;value=te923_t_ext&amp;units=\u00b0c&amp;digit=1\" width=\"150\" height=\"100\"><\/iframe>\n<iframe loading=\"lazy\" src=\"https:\/\/graphapi.nuage.ch\/?pre=Humidit\u00e9&amp;value=te923_h_ext&amp;units=%&amp;digit=0\" width=\"150\" height=\"100\"><\/iframe>\n<iframe loading=\"lazy\" src=\"https:\/\/graphapi.nuage.ch\/?pre=Radioactivit\u00e9&amp;value=geiger_usv&amp;units=\u03bcsv\/h&amp;digit=3\" width=\"150\" height=\"100\"><\/iframe>\n\n\n\n<p class=\"wp-block-paragraph\">Mod\u00e8le de la cam\u00e9ra: <a href=\"https:\/\/www.digitec.ch\/fr\/s1\/product\/reolink-rlc-410w-2560-x-1440-pixels-qhd-wqhd-cameras-reseau-14396305?ip=RLC-410W\">Reolink RLC-410W<\/a> <br><br>Voir l&#8217;article li\u00e9:<\/p>\n\n\n\n<figure class=\"wp-block-embed is-type-wp-embed is-provider-www-nuage-ch wp-block-embed-www-nuage-ch\"><div class=\"wp-block-embed__wrapper\">\n<blockquote class=\"wp-embedded-content\" data-secret=\"CMiEwHEUbP\"><a href=\"https:\/\/nuage.ch\/site\/streamer-une-camera-sur-internet\/\">Streamer une cam\u00e9ra sur internet<\/a><\/blockquote><iframe loading=\"lazy\" class=\"wp-embedded-content\" sandbox=\"allow-scripts\" security=\"restricted\" style=\"position: absolute; clip: rect(1px, 1px, 1px, 1px);\" title=\"&#8220;Streamer une cam\u00e9ra sur internet&#8221; &#8212; www.nuage.ch\" src=\"https:\/\/nuage.ch\/site\/streamer-une-camera-sur-internet\/embed\/#?secret=0vJhk4q5ce#?secret=CMiEwHEUbP\" data-secret=\"CMiEwHEUbP\" width=\"600\" height=\"338\" frameborder=\"0\" marginwidth=\"0\" marginheight=\"0\" scrolling=\"no\"><\/iframe>\n<\/div><\/figure>\n\n\n\n<p class=\"wp-block-paragraph\">Possibilit\u00e9 de mise en place sur votre site internet d&#8217;une cam\u00e9ra similaire: <a href=\"https:\/\/nuage.ch\/site\/about\/contactez-nous\/\">Contactez-moi<\/a>.<\/p>\n","protected":false},"excerpt":{"rendered":"<p>Cam\u00e9ra en direction du Mol\u00e9son depuis Montpreveyres Mod\u00e8le de la cam\u00e9ra: Reolink RLC-410W Voir l&#8217;article li\u00e9: Possibilit\u00e9 de mise en place sur votre site internet d&#8217;une cam\u00e9ra similaire: Contactez-moi.<\/p>\n","protected":false},"author":1,"featured_media":0,"parent":93,"menu_order":10,"comment_status":"closed","ping_status":"open","template":"page-templates\/template-fullwidth.php","meta":{"_crdt_document":"","jetpack_post_was_ever_published":false,"footnotes":""},"class_list":["post-427","page","type-page","status-publish","hentry"],"jetpack_shortlink":"https:\/\/wp.me\/P50cYU-6T","jetpack_sharing_enabled":true,"_links":{"self":[{"href":"https:\/\/nuage.ch\/site\/wp-json\/wp\/v2\/pages\/427","targetHints":{"allow":["GET"]}}],"collection":[{"href":"https:\/\/nuage.ch\/site\/wp-json\/wp\/v2\/pages"}],"about":[{"href":"https:\/\/nuage.ch\/site\/wp-json\/wp\/v2\/types\/page"}],"author":[{"embeddable":true,"href":"https:\/\/nuage.ch\/site\/wp-json\/wp\/v2\/users\/1"}],"replies":[{"embeddable":true,"href":"https:\/\/nuage.ch\/site\/wp-json\/wp\/v2\/comments?post=427"}],"version-history":[{"count":0,"href":"https:\/\/nuage.ch\/site\/wp-json\/wp\/v2\/pages\/427\/revisions"}],"up":[{"embeddable":true,"href":"https:\/\/nuage.ch\/site\/wp-json\/wp\/v2\/pages\/93"}],"wp:attachment":[{"href":"https:\/\/nuage.ch\/site\/wp-json\/wp\/v2\/media?parent=427"}],"curies":[{"name":"wp","href":"https:\/\/api.w.org\/{rel}","templated":true}]}}