{"id":388,"date":"2014-07-06T21:38:46","date_gmt":"2014-07-06T19:38:46","guid":{"rendered":"http:\/\/www.nuage.ch\/site\/?page_id=388"},"modified":"2022-01-08T19:34:43","modified_gmt":"2022-01-08T18:34:43","slug":"thermographie","status":"publish","type":"page","link":"https:\/\/nuage.ch\/site\/services\/thermographie\/","title":{"rendered":"Thermographie"},"content":{"rendered":"<p>Envie de faire des analyses de perte en temp\u00e9rature de votre maison, d&#8217;un composant \u00e9lectronique?<\/p>\n<p>Je propose \u00e0 la location une cam\u00e9ra thermique permettant de voir la chaleur. La cam\u00e9ra est tr\u00e8s simple d&#8217;utilisation mais produit des clich\u00e9s d&#8217;excellente qualit\u00e9.<\/p>\n<p><img loading=\"lazy\" decoding=\"async\" class=\"fullscreen aligncenter\" src=\"https:\/\/images-na.ssl-images-amazon.com\/images\/I\/71Qliccp6yL._SL1500_.jpg\" width=\"161\" height=\"255\" \/><\/p>\n<p>Propositions d&#8217;utilisation<\/p>\n<ul>\n<li>Analyse de perte de chaleur dans une maison ou un appartement permettant de rapidement colmater les fuites.<\/li>\n<li>Analyse des fuites dans un r\u00e9seau d&#8217;eau permettant le chauffage d&#8217;une maison. Analyse de chemin\u00e9e et des risques potentiels d&#8217;incendie. Analyse des pertes de chaleur dans une piscine.<\/li>\n<li>Analyse des courts-circuits potentiels dans un tableau \u00e9lectrique.<\/li>\n<li>Analyse de composants \u00e9lectroniques. Il y a une lentille sp\u00e9ciale qui est incluse sur demande.<\/li>\n<li>Analyse des vaisseaux sanguins d&#8217;une personne ou d&#8217;un animal.<\/li>\n<li>Analyse des d\u00e9parts de feu potentiels. (\u00e9table)<\/li>\n<li>Recherche rapide d&#8217;animaux dans un champs, dans une for\u00eat.<\/li>\n<li>Analyse des ruches.<\/li>\n<li>Et pleins d&#8217;autres utilisations non \u00e9num\u00e9r\u00e9es dans cette liste.<\/li>\n<\/ul>\n<p>Contactez-moi: <a href=\"mail:gabriel.klein@nuage.ch\">gabriel.klein@nuage.ch<\/a><\/p>\n<p>Remise en mains propres au parc scientifique (EPFL) en semaine (8:00 \u00e0 16:30), ou \u00e0 Montpreveyres en soir\u00e9e ou le week-end. Je vous donnerais quelques instructions d&#8217;utilisation. La photo se prend comme avec un appareil photo.<\/p>\n<p>Venir avec votre carte d&#8217;identit\u00e9. Location de main \u00e0 main. Pour une analyse thermique, une diff\u00e9rence de 10-15\u00b0 est conseill\u00e9e entre l&#8217;int\u00e9rieur et l&#8217;ext\u00e9rieur. Payement Twint favoris\u00e9.<\/p>\n<p><strong>Cam\u00e9ra Thermique Flir E4 modifi\u00e9e en Flir E8<\/strong><\/p>\n<ul>\n<li>R\u00e9solution 320&#215;240 (modifi\u00e9e)<\/li>\n<li>Temp\u00e9rature: -20\u00b0C \u00e0 250\u00b0C<\/li>\n<li>MSX &#8211; Photo thermique et classique superpos\u00e9es<\/li>\n<li>IP54 (supporte une petite pluie)<\/li>\n<\/ul>\n<p>Prix<\/p>\n<ul>\n<li>Location: 100.- \/ max 24 heures.<\/li>\n<li>Vente ou perte: 1000.-. Attention elle a \u00e9t\u00e9 modifi\u00e9e afin d&#8217;am\u00e9liorer l&#8217;image afin qu&#8217;elle soit similaire au mod\u00e8le E8 (tr\u00e8s haut de gamme). Possibilit\u00e9 de faire une location suivi d&#8217;une vente \u00e0 900.-<\/li>\n<li>Inclus <a href=\"https:\/\/nuage.ch\/site\/services\/compteur-geiger-detecteur-de-radioactivite\/\">compteur Geiger<\/a>\u00a0 (<em>sur demande<\/em>)<\/li>\n<li>Inclus cam\u00e9ra USB-C Seek-XR 320&#215;240 (<em>sur demande<\/em>)<\/li>\n<li>Inclus lentille sp\u00e9ciale permettant de voir des surfaces de 1-2cm\u00b2 (<em>sur demande<\/em>)<\/li>\n<\/ul>\n<p><strong>Seek Thermal CompactPRO FF IR<\/strong><\/p>\n<ul>\n<li>Marche seulement avec un t\u00e9l\u00e9phone mobile android USB-C<\/li>\n<li>R\u00e9solution 320&#215;240<\/li>\n<li>-40 up to +330 \u00b0C<\/li>\n<li><span style=\"color: #ff0000;\">Permet de filmer<\/span><\/li>\n<li>Pas top pour faire de l&#8217;analyse de perte de chaleur<\/li>\n<li>Inclus avec la location de la Flir (sous demande)<\/li>\n<\/ul>\n<p><strong>Cam\u00e9ra Thermique Flir E8-XT <br \/><\/strong><\/p>\n<ul>\n<li>R\u00e9solution 320&#215;240<\/li>\n<li><span style=\"color: #ff0000;\">Temp\u00e9rature: -20\u00b0C \u00e0 550\u00b0C<\/span> &lt;&#8211; <strong>Pour des utilisations sp\u00e9cifiques!<\/strong><\/li>\n<li>MSX &#8211; Photo thermique et classique superpos\u00e9es<\/li>\n<li>IP54 (supporte une petite pluie)<\/li>\n<\/ul>\n<p>Prix<\/p>\n<ul>\n<li>Location: 150.- \/ max 24 heures.<\/li>\n<li>Vol ou perte: 4000.- ou prix de la cam\u00e9ra de remplacement.<\/li>\n<\/ul>\n\n<style type=\"text\/css\">\n#foogallery-gallery-1370 .fg-image { width: 150px; }\n#foogallery-gallery-1370 { --fg-gutter: 10px; }<\/style>\n\t\t\t<div class=\"foogallery foogallery-container foogallery-default foogallery-lightbox-foobox fg-center fg-default fg-ready fg-light fg-border-thin fg-shadow-outline fg-loading-default fg-loaded-fade-in fg-caption-hover fg-hover-fade fg-hover-zoom\" id=\"foogallery-gallery-1370\" data-foogallery=\"{&quot;item&quot;:{&quot;showCaptionTitle&quot;:true,&quot;showCaptionDescription&quot;:true},&quot;lazy&quot;:true}\" style=\"--fg-title-line-clamp: 0; --fg-description-line-clamp: 0;\" >\n\t<div class=\"fg-item fg-type-image fg-idle\"><figure class=\"fg-item-inner\"><a href=\"https:\/\/nuage.ch\/site\/wp-content\/uploads\/2014\/07\/IR_0298.jpg\" data-attachment-id=\"412\" data-type=\"image\" class=\"fg-thumb\"><span class=\"fg-image-wrap\"><img decoding=\"async\" width=\"150\" height=\"150\" class=\"skip-lazy fg-image\" data-src-fg=\"https:\/\/nuage.ch\/site\/wp-content\/uploads\/cache\/2014\/07\/IR_0298\/1960798493.jpg\" src=\"data:image\/svg+xml,%3Csvg%20xmlns%3D%22http%3A%2F%2Fwww.w3.org%2F2000%2Fsvg%22%20width%3D%22150%22%20height%3D%22150%22%20viewBox%3D%220%200%20150%20150%22%3E%3C%2Fsvg%3E\" loading=\"eager\"><\/span><span class=\"fg-image-overlay\"><\/span><\/a><\/figure><div class=\"fg-loader\"><\/div><\/div><div class=\"fg-item fg-type-image fg-idle\"><figure class=\"fg-item-inner\"><a href=\"https:\/\/nuage.ch\/site\/wp-content\/uploads\/2014\/07\/IR_0303.jpg\" data-attachment-id=\"417\" data-type=\"image\" class=\"fg-thumb\"><span class=\"fg-image-wrap\"><img decoding=\"async\" width=\"150\" height=\"150\" class=\"skip-lazy fg-image\" data-src-fg=\"https:\/\/nuage.ch\/site\/wp-content\/uploads\/cache\/2014\/07\/IR_0303\/353651609.jpg\" src=\"data:image\/svg+xml,%3Csvg%20xmlns%3D%22http%3A%2F%2Fwww.w3.org%2F2000%2Fsvg%22%20width%3D%22150%22%20height%3D%22150%22%20viewBox%3D%220%200%20150%20150%22%3E%3C%2Fsvg%3E\" loading=\"eager\"><\/span><span class=\"fg-image-overlay\"><\/span><\/a><\/figure><div class=\"fg-loader\"><\/div><\/div><div class=\"fg-item fg-type-image fg-idle\"><figure class=\"fg-item-inner\"><a href=\"https:\/\/nuage.ch\/site\/wp-content\/uploads\/2014\/07\/FLIR0081.jpg\" data-attachment-id=\"407\" data-type=\"image\" class=\"fg-thumb\"><span class=\"fg-image-wrap\"><img decoding=\"async\" width=\"150\" height=\"150\" class=\"skip-lazy fg-image\" data-src-fg=\"https:\/\/nuage.ch\/site\/wp-content\/uploads\/cache\/2014\/07\/FLIR0081\/3252345870.jpg\" src=\"data:image\/svg+xml,%3Csvg%20xmlns%3D%22http%3A%2F%2Fwww.w3.org%2F2000%2Fsvg%22%20width%3D%22150%22%20height%3D%22150%22%20viewBox%3D%220%200%20150%20150%22%3E%3C%2Fsvg%3E\" loading=\"eager\"><\/span><span class=\"fg-image-overlay\"><\/span><\/a><\/figure><div class=\"fg-loader\"><\/div><\/div><div class=\"fg-item fg-type-image fg-idle\"><figure class=\"fg-item-inner\"><a href=\"https:\/\/nuage.ch\/site\/wp-content\/uploads\/2014\/07\/IR_0304.jpg\" data-attachment-id=\"418\" data-type=\"image\" class=\"fg-thumb\"><span class=\"fg-image-wrap\"><img decoding=\"async\" width=\"150\" height=\"150\" class=\"skip-lazy fg-image\" data-src-fg=\"https:\/\/nuage.ch\/site\/wp-content\/uploads\/cache\/2014\/07\/IR_0304\/2677040729.jpg\" src=\"data:image\/svg+xml,%3Csvg%20xmlns%3D%22http%3A%2F%2Fwww.w3.org%2F2000%2Fsvg%22%20width%3D%22150%22%20height%3D%22150%22%20viewBox%3D%220%200%20150%20150%22%3E%3C%2Fsvg%3E\" loading=\"eager\"><\/span><span class=\"fg-image-overlay\"><\/span><\/a><\/figure><div class=\"fg-loader\"><\/div><\/div><div class=\"fg-item fg-type-image fg-idle\"><figure class=\"fg-item-inner\"><a href=\"https:\/\/nuage.ch\/site\/wp-content\/uploads\/2014\/07\/IR_0302.jpg\" data-attachment-id=\"416\" data-type=\"image\" class=\"fg-thumb\"><span class=\"fg-image-wrap\"><img decoding=\"async\" width=\"150\" height=\"150\" class=\"skip-lazy fg-image\" data-src-fg=\"https:\/\/nuage.ch\/site\/wp-content\/uploads\/cache\/2014\/07\/IR_0302\/3224054748.jpg\" src=\"data:image\/svg+xml,%3Csvg%20xmlns%3D%22http%3A%2F%2Fwww.w3.org%2F2000%2Fsvg%22%20width%3D%22150%22%20height%3D%22150%22%20viewBox%3D%220%200%20150%20150%22%3E%3C%2Fsvg%3E\" loading=\"eager\"><\/span><span class=\"fg-image-overlay\"><\/span><\/a><\/figure><div class=\"fg-loader\"><\/div><\/div><div class=\"fg-item fg-type-image fg-idle\"><figure class=\"fg-item-inner\"><a href=\"https:\/\/nuage.ch\/site\/wp-content\/uploads\/2014\/07\/IR_0300.jpg\" data-attachment-id=\"414\" data-type=\"image\" class=\"fg-thumb\"><span class=\"fg-image-wrap\"><img decoding=\"async\" width=\"150\" height=\"150\" class=\"skip-lazy fg-image\" data-src-fg=\"https:\/\/nuage.ch\/site\/wp-content\/uploads\/cache\/2014\/07\/IR_0300\/2971987223.jpg\" src=\"data:image\/svg+xml,%3Csvg%20xmlns%3D%22http%3A%2F%2Fwww.w3.org%2F2000%2Fsvg%22%20width%3D%22150%22%20height%3D%22150%22%20viewBox%3D%220%200%20150%20150%22%3E%3C%2Fsvg%3E\" loading=\"eager\"><\/span><span class=\"fg-image-overlay\"><\/span><\/a><\/figure><div class=\"fg-loader\"><\/div><\/div><div class=\"fg-item fg-type-image fg-idle\"><figure class=\"fg-item-inner\"><a href=\"https:\/\/nuage.ch\/site\/wp-content\/uploads\/2014\/07\/FLIR0082.jpg\" data-attachment-id=\"408\" data-type=\"image\" class=\"fg-thumb\"><span class=\"fg-image-wrap\"><img decoding=\"async\" width=\"150\" height=\"150\" class=\"skip-lazy fg-image\" data-src-fg=\"https:\/\/nuage.ch\/site\/wp-content\/uploads\/cache\/2014\/07\/FLIR0082\/2967138489.jpg\" src=\"data:image\/svg+xml,%3Csvg%20xmlns%3D%22http%3A%2F%2Fwww.w3.org%2F2000%2Fsvg%22%20width%3D%22150%22%20height%3D%22150%22%20viewBox%3D%220%200%20150%20150%22%3E%3C%2Fsvg%3E\" loading=\"eager\"><\/span><span class=\"fg-image-overlay\"><\/span><\/a><\/figure><div class=\"fg-loader\"><\/div><\/div><div class=\"fg-item fg-type-image fg-idle\"><figure class=\"fg-item-inner\"><a href=\"https:\/\/nuage.ch\/site\/wp-content\/uploads\/2014\/07\/IR_0299.jpg\" data-attachment-id=\"413\" data-type=\"image\" class=\"fg-thumb\"><span class=\"fg-image-wrap\"><img decoding=\"async\" width=\"150\" height=\"150\" class=\"skip-lazy fg-image\" data-src-fg=\"https:\/\/nuage.ch\/site\/wp-content\/uploads\/cache\/2014\/07\/IR_0299\/2715814232.jpg\" src=\"data:image\/svg+xml,%3Csvg%20xmlns%3D%22http%3A%2F%2Fwww.w3.org%2F2000%2Fsvg%22%20width%3D%22150%22%20height%3D%22150%22%20viewBox%3D%220%200%20150%20150%22%3E%3C%2Fsvg%3E\" loading=\"eager\"><\/span><span class=\"fg-image-overlay\"><\/span><\/a><\/figure><div class=\"fg-loader\"><\/div><\/div><div class=\"fg-item fg-type-image fg-idle\"><figure class=\"fg-item-inner\"><a href=\"https:\/\/nuage.ch\/site\/wp-content\/uploads\/2014\/07\/FLIR0080.jpg\" data-attachment-id=\"406\" data-type=\"image\" class=\"fg-thumb\"><span class=\"fg-image-wrap\"><img decoding=\"async\" width=\"150\" height=\"150\" class=\"skip-lazy fg-image\" data-src-fg=\"https:\/\/nuage.ch\/site\/wp-content\/uploads\/cache\/2014\/07\/FLIR0080\/476594860.jpg\" src=\"data:image\/svg+xml,%3Csvg%20xmlns%3D%22http%3A%2F%2Fwww.w3.org%2F2000%2Fsvg%22%20width%3D%22150%22%20height%3D%22150%22%20viewBox%3D%220%200%20150%20150%22%3E%3C%2Fsvg%3E\" loading=\"eager\"><\/span><span class=\"fg-image-overlay\"><\/span><\/a><\/figure><div class=\"fg-loader\"><\/div><\/div><div class=\"fg-item fg-type-image fg-idle\"><figure class=\"fg-item-inner\"><a href=\"https:\/\/nuage.ch\/site\/wp-content\/uploads\/2014\/07\/FLIR0077.jpg\" data-attachment-id=\"403\" data-type=\"image\" class=\"fg-thumb\"><span class=\"fg-image-wrap\"><img decoding=\"async\" width=\"150\" height=\"150\" class=\"skip-lazy fg-image\" data-src-fg=\"https:\/\/nuage.ch\/site\/wp-content\/uploads\/cache\/2014\/07\/FLIR0077\/2624479912.jpg\" src=\"data:image\/svg+xml,%3Csvg%20xmlns%3D%22http%3A%2F%2Fwww.w3.org%2F2000%2Fsvg%22%20width%3D%22150%22%20height%3D%22150%22%20viewBox%3D%220%200%20150%20150%22%3E%3C%2Fsvg%3E\" loading=\"eager\"><\/span><span class=\"fg-image-overlay\"><\/span><\/a><\/figure><div class=\"fg-loader\"><\/div><\/div><div class=\"fg-item fg-type-image fg-idle\"><figure class=\"fg-item-inner\"><a href=\"https:\/\/nuage.ch\/site\/wp-content\/uploads\/2014\/07\/IR_0301.jpg\" data-attachment-id=\"415\" data-type=\"image\" class=\"fg-thumb\"><span class=\"fg-image-wrap\"><img decoding=\"async\" width=\"150\" height=\"150\" class=\"skip-lazy fg-image\" data-src-fg=\"https:\/\/nuage.ch\/site\/wp-content\/uploads\/cache\/2014\/07\/IR_0301\/1679527250.jpg\" src=\"data:image\/svg+xml,%3Csvg%20xmlns%3D%22http%3A%2F%2Fwww.w3.org%2F2000%2Fsvg%22%20width%3D%22150%22%20height%3D%22150%22%20viewBox%3D%220%200%20150%20150%22%3E%3C%2Fsvg%3E\" loading=\"eager\"><\/span><span class=\"fg-image-overlay\"><\/span><\/a><\/figure><div class=\"fg-loader\"><\/div><\/div><div class=\"fg-item fg-type-image fg-idle\"><figure class=\"fg-item-inner\"><a href=\"https:\/\/nuage.ch\/site\/wp-content\/uploads\/2014\/07\/FLIR0070.jpg\" data-attachment-id=\"396\" data-type=\"image\" class=\"fg-thumb\"><span class=\"fg-image-wrap\"><img decoding=\"async\" width=\"150\" height=\"150\" class=\"skip-lazy fg-image\" data-src-fg=\"https:\/\/nuage.ch\/site\/wp-content\/uploads\/cache\/2014\/07\/FLIR0070\/2860706000.jpg\" src=\"data:image\/svg+xml,%3Csvg%20xmlns%3D%22http%3A%2F%2Fwww.w3.org%2F2000%2Fsvg%22%20width%3D%22150%22%20height%3D%22150%22%20viewBox%3D%220%200%20150%20150%22%3E%3C%2Fsvg%3E\" loading=\"eager\"><\/span><span class=\"fg-image-overlay\"><\/span><\/a><\/figure><div class=\"fg-loader\"><\/div><\/div><div class=\"fg-item fg-type-image fg-idle\"><figure class=\"fg-item-inner\"><a href=\"https:\/\/nuage.ch\/site\/wp-content\/uploads\/2014\/07\/FLIR0076.jpg\" data-attachment-id=\"402\" data-type=\"image\" class=\"fg-thumb\"><span class=\"fg-image-wrap\"><img decoding=\"async\" width=\"150\" height=\"150\" class=\"skip-lazy fg-image\" data-src-fg=\"https:\/\/nuage.ch\/site\/wp-content\/uploads\/cache\/2014\/07\/FLIR0076\/1105001482.jpg\" src=\"data:image\/svg+xml,%3Csvg%20xmlns%3D%22http%3A%2F%2Fwww.w3.org%2F2000%2Fsvg%22%20width%3D%22150%22%20height%3D%22150%22%20viewBox%3D%220%200%20150%20150%22%3E%3C%2Fsvg%3E\" loading=\"eager\"><\/span><span class=\"fg-image-overlay\"><\/span><\/a><\/figure><div class=\"fg-loader\"><\/div><\/div><div class=\"fg-item fg-type-image fg-idle\"><figure class=\"fg-item-inner\"><a href=\"https:\/\/nuage.ch\/site\/wp-content\/uploads\/2014\/07\/FLIR0078.jpg\" data-attachment-id=\"404\" data-type=\"image\" class=\"fg-thumb\"><span class=\"fg-image-wrap\"><img decoding=\"async\" width=\"150\" height=\"150\" class=\"skip-lazy fg-image\" data-src-fg=\"https:\/\/nuage.ch\/site\/wp-content\/uploads\/cache\/2014\/07\/FLIR0078\/839232176.jpg\" src=\"data:image\/svg+xml,%3Csvg%20xmlns%3D%22http%3A%2F%2Fwww.w3.org%2F2000%2Fsvg%22%20width%3D%22150%22%20height%3D%22150%22%20viewBox%3D%220%200%20150%20150%22%3E%3C%2Fsvg%3E\" loading=\"eager\"><\/span><span class=\"fg-image-overlay\"><\/span><\/a><\/figure><div class=\"fg-loader\"><\/div><\/div><div class=\"fg-item fg-type-image fg-idle\"><figure class=\"fg-item-inner\"><a href=\"https:\/\/nuage.ch\/site\/wp-content\/uploads\/2014\/07\/FLIR0079.jpg\" data-attachment-id=\"405\" data-type=\"image\" class=\"fg-thumb\"><span class=\"fg-image-wrap\"><img decoding=\"async\" width=\"150\" height=\"150\" class=\"skip-lazy fg-image\" data-src-fg=\"https:\/\/nuage.ch\/site\/wp-content\/uploads\/cache\/2014\/07\/FLIR0079\/4021761042.jpg\" src=\"data:image\/svg+xml,%3Csvg%20xmlns%3D%22http%3A%2F%2Fwww.w3.org%2F2000%2Fsvg%22%20width%3D%22150%22%20height%3D%22150%22%20viewBox%3D%220%200%20150%20150%22%3E%3C%2Fsvg%3E\" loading=\"eager\"><\/span><span class=\"fg-image-overlay\"><\/span><\/a><\/figure><div class=\"fg-loader\"><\/div><\/div><div class=\"fg-item fg-type-image fg-idle\"><figure class=\"fg-item-inner\"><a href=\"https:\/\/nuage.ch\/site\/wp-content\/uploads\/2019\/01\/FLIR3785.jpg\" data-attachment-id=\"1453\" data-type=\"image\" class=\"fg-thumb\"><span class=\"fg-image-wrap\"><img decoding=\"async\" width=\"150\" height=\"150\" class=\"skip-lazy fg-image\" data-src-fg=\"https:\/\/nuage.ch\/site\/wp-content\/uploads\/cache\/2019\/01\/FLIR3785\/27687323.jpg\" src=\"data:image\/svg+xml,%3Csvg%20xmlns%3D%22http%3A%2F%2Fwww.w3.org%2F2000%2Fsvg%22%20width%3D%22150%22%20height%3D%22150%22%20viewBox%3D%220%200%20150%20150%22%3E%3C%2Fsvg%3E\" loading=\"eager\"><\/span><span class=\"fg-image-overlay\"><\/span><\/a><\/figure><div class=\"fg-loader\"><\/div><\/div><div class=\"fg-item fg-type-image fg-idle\"><figure class=\"fg-item-inner\"><a href=\"https:\/\/nuage.ch\/site\/wp-content\/uploads\/2014\/07\/FLIR0072.jpg\" data-attachment-id=\"398\" data-type=\"image\" class=\"fg-thumb\"><span class=\"fg-image-wrap\"><img decoding=\"async\" width=\"150\" height=\"150\" class=\"skip-lazy fg-image\" data-src-fg=\"https:\/\/nuage.ch\/site\/wp-content\/uploads\/cache\/2014\/07\/FLIR0072\/103832261.jpg\" src=\"data:image\/svg+xml,%3Csvg%20xmlns%3D%22http%3A%2F%2Fwww.w3.org%2F2000%2Fsvg%22%20width%3D%22150%22%20height%3D%22150%22%20viewBox%3D%220%200%20150%20150%22%3E%3C%2Fsvg%3E\" loading=\"eager\"><\/span><span class=\"fg-image-overlay\"><\/span><\/a><\/figure><div class=\"fg-loader\"><\/div><\/div><div class=\"fg-item fg-type-image fg-idle\"><figure class=\"fg-item-inner\"><a href=\"https:\/\/nuage.ch\/site\/wp-content\/uploads\/2019\/01\/FLIR3845.jpg\" data-attachment-id=\"1454\" data-type=\"image\" class=\"fg-thumb\"><span class=\"fg-image-wrap\"><img decoding=\"async\" width=\"150\" height=\"150\" class=\"skip-lazy fg-image\" data-src-fg=\"https:\/\/nuage.ch\/site\/wp-content\/uploads\/cache\/2019\/01\/FLIR3845\/1641155510.jpg\" src=\"data:image\/svg+xml,%3Csvg%20xmlns%3D%22http%3A%2F%2Fwww.w3.org%2F2000%2Fsvg%22%20width%3D%22150%22%20height%3D%22150%22%20viewBox%3D%220%200%20150%20150%22%3E%3C%2Fsvg%3E\" loading=\"eager\"><\/span><span class=\"fg-image-overlay\"><\/span><\/a><\/figure><div class=\"fg-loader\"><\/div><\/div><div class=\"fg-item fg-type-image fg-idle\"><figure class=\"fg-item-inner\"><a href=\"https:\/\/nuage.ch\/site\/wp-content\/uploads\/2014\/07\/IR_0297.jpg\" data-attachment-id=\"411\" data-type=\"image\" class=\"fg-thumb\"><span class=\"fg-image-wrap\"><img decoding=\"async\" width=\"150\" height=\"150\" class=\"skip-lazy fg-image\" data-src-fg=\"https:\/\/nuage.ch\/site\/wp-content\/uploads\/cache\/2014\/07\/IR_0297\/2269174492.jpg\" src=\"data:image\/svg+xml,%3Csvg%20xmlns%3D%22http%3A%2F%2Fwww.w3.org%2F2000%2Fsvg%22%20width%3D%22150%22%20height%3D%22150%22%20viewBox%3D%220%200%20150%20150%22%3E%3C%2Fsvg%3E\" loading=\"eager\"><\/span><span class=\"fg-image-overlay\"><\/span><\/a><\/figure><div class=\"fg-loader\"><\/div><\/div><div class=\"fg-item fg-type-image fg-idle\"><figure class=\"fg-item-inner\"><a href=\"https:\/\/nuage.ch\/site\/wp-content\/uploads\/2014\/07\/FLIR0071.jpg\" data-attachment-id=\"397\" data-type=\"image\" class=\"fg-thumb\"><span class=\"fg-image-wrap\"><img decoding=\"async\" width=\"150\" height=\"150\" class=\"skip-lazy fg-image\" data-src-fg=\"https:\/\/nuage.ch\/site\/wp-content\/uploads\/cache\/2014\/07\/FLIR0071\/1999664754.jpg\" src=\"data:image\/svg+xml,%3Csvg%20xmlns%3D%22http%3A%2F%2Fwww.w3.org%2F2000%2Fsvg%22%20width%3D%22150%22%20height%3D%22150%22%20viewBox%3D%220%200%20150%20150%22%3E%3C%2Fsvg%3E\" loading=\"eager\"><\/span><span class=\"fg-image-overlay\"><\/span><\/a><\/figure><div class=\"fg-loader\"><\/div><\/div><div class=\"fg-item fg-type-image fg-idle\"><figure class=\"fg-item-inner\"><a href=\"https:\/\/nuage.ch\/site\/wp-content\/uploads\/2014\/07\/FLIR0075.jpg\" data-attachment-id=\"401\" data-type=\"image\" class=\"fg-thumb\"><span class=\"fg-image-wrap\"><img decoding=\"async\" width=\"150\" height=\"150\" class=\"skip-lazy fg-image\" data-src-fg=\"https:\/\/nuage.ch\/site\/wp-content\/uploads\/cache\/2014\/07\/FLIR0075\/4235876781.jpg\" src=\"data:image\/svg+xml,%3Csvg%20xmlns%3D%22http%3A%2F%2Fwww.w3.org%2F2000%2Fsvg%22%20width%3D%22150%22%20height%3D%22150%22%20viewBox%3D%220%200%20150%20150%22%3E%3C%2Fsvg%3E\" loading=\"eager\"><\/span><span class=\"fg-image-overlay\"><\/span><\/a><\/figure><div class=\"fg-loader\"><\/div><\/div><div class=\"fg-item fg-type-image fg-idle\"><figure class=\"fg-item-inner\"><a href=\"https:\/\/nuage.ch\/site\/wp-content\/uploads\/2014\/07\/IR_0305.jpg\" data-attachment-id=\"419\" data-type=\"image\" class=\"fg-thumb\"><span class=\"fg-image-wrap\"><img decoding=\"async\" width=\"150\" height=\"150\" class=\"skip-lazy fg-image\" data-src-fg=\"https:\/\/nuage.ch\/site\/wp-content\/uploads\/cache\/2014\/07\/IR_0305\/1252984348.jpg\" src=\"data:image\/svg+xml,%3Csvg%20xmlns%3D%22http%3A%2F%2Fwww.w3.org%2F2000%2Fsvg%22%20width%3D%22150%22%20height%3D%22150%22%20viewBox%3D%220%200%20150%20150%22%3E%3C%2Fsvg%3E\" loading=\"eager\"><\/span><span class=\"fg-image-overlay\"><\/span><\/a><\/figure><div class=\"fg-loader\"><\/div><\/div><div class=\"fg-item fg-type-image fg-idle\"><figure class=\"fg-item-inner\"><a href=\"https:\/\/nuage.ch\/site\/wp-content\/uploads\/2014\/07\/FLIR0074.jpg\" data-attachment-id=\"400\" data-type=\"image\" class=\"fg-thumb\"><span class=\"fg-image-wrap\"><img decoding=\"async\" width=\"150\" height=\"150\" class=\"skip-lazy fg-image\" data-src-fg=\"https:\/\/nuage.ch\/site\/wp-content\/uploads\/cache\/2014\/07\/FLIR0074\/566806287.jpg\" src=\"data:image\/svg+xml,%3Csvg%20xmlns%3D%22http%3A%2F%2Fwww.w3.org%2F2000%2Fsvg%22%20width%3D%22150%22%20height%3D%22150%22%20viewBox%3D%220%200%20150%20150%22%3E%3C%2Fsvg%3E\" loading=\"eager\"><\/span><span class=\"fg-image-overlay\"><\/span><\/a><\/figure><div class=\"fg-loader\"><\/div><\/div><div class=\"fg-item fg-type-image fg-idle\"><figure class=\"fg-item-inner\"><a href=\"https:\/\/nuage.ch\/site\/wp-content\/uploads\/2014\/07\/FLIR0073.jpg\" data-attachment-id=\"399\" data-type=\"image\" class=\"fg-thumb\"><span class=\"fg-image-wrap\"><img decoding=\"async\" width=\"150\" height=\"150\" class=\"skip-lazy fg-image\" data-src-fg=\"https:\/\/nuage.ch\/site\/wp-content\/uploads\/cache\/2014\/07\/FLIR0073\/3682780263.jpg\" src=\"data:image\/svg+xml,%3Csvg%20xmlns%3D%22http%3A%2F%2Fwww.w3.org%2F2000%2Fsvg%22%20width%3D%22150%22%20height%3D%22150%22%20viewBox%3D%220%200%20150%20150%22%3E%3C%2Fsvg%3E\" loading=\"eager\"><\/span><span class=\"fg-image-overlay\"><\/span><\/a><\/figure><div class=\"fg-loader\"><\/div><\/div><\/div>\n","protected":false},"excerpt":{"rendered":"<p>Envie de faire des analyses de perte en temp\u00e9rature de votre maison, d&#8217;un composant \u00e9lectronique? Je propose \u00e0 la location une cam\u00e9ra thermique permettant de voir la chaleur. La cam\u00e9ra est tr\u00e8s simple d&#8217;utilisation mais produit des clich\u00e9s d&#8217;excellente qualit\u00e9. Propositions d&#8217;utilisation Analyse de perte de chaleur dans une maison ou un appartement permettant de [&hellip;]<\/p>\n","protected":false},"author":1,"featured_media":0,"parent":384,"menu_order":0,"comment_status":"closed","ping_status":"open","template":"","meta":{"_crdt_document":"","jetpack_post_was_ever_published":false,"footnotes":""},"class_list":["post-388","page","type-page","status-publish","hentry"],"jetpack_shortlink":"https:\/\/wp.me\/P50cYU-6g","jetpack_sharing_enabled":true,"_links":{"self":[{"href":"https:\/\/nuage.ch\/site\/wp-json\/wp\/v2\/pages\/388","targetHints":{"allow":["GET"]}}],"collection":[{"href":"https:\/\/nuage.ch\/site\/wp-json\/wp\/v2\/pages"}],"about":[{"href":"https:\/\/nuage.ch\/site\/wp-json\/wp\/v2\/types\/page"}],"author":[{"embeddable":true,"href":"https:\/\/nuage.ch\/site\/wp-json\/wp\/v2\/users\/1"}],"replies":[{"embeddable":true,"href":"https:\/\/nuage.ch\/site\/wp-json\/wp\/v2\/comments?post=388"}],"version-history":[{"count":0,"href":"https:\/\/nuage.ch\/site\/wp-json\/wp\/v2\/pages\/388\/revisions"}],"up":[{"embeddable":true,"href":"https:\/\/nuage.ch\/site\/wp-json\/wp\/v2\/pages\/384"}],"wp:attachment":[{"href":"https:\/\/nuage.ch\/site\/wp-json\/wp\/v2\/media?parent=388"}],"curies":[{"name":"wp","href":"https:\/\/api.w.org\/{rel}","templated":true}]}}