{"id":177,"date":"2012-08-10T22:17:53","date_gmt":"2012-08-10T20:17:53","guid":{"rendered":"http:\/\/www.nuage.ch\/site\/?page_id=177"},"modified":"2019-01-22T13:37:42","modified_gmt":"2019-01-22T12:37:42","slug":"techniquement","status":"publish","type":"page","link":"https:\/\/nuage.ch\/site\/montpreveyres\/techniquement\/","title":{"rendered":"Techniquement"},"content":{"rendered":"<p><strong>Ma station m\u00e9t\u00e9o<\/strong><\/p>\n<p>Il s&#8217;agit d&#8217;une Irox Pro-X USB (te923w)<br \/>\nToutes les 10 minutes, je fais un relev\u00e9 de la temp\u00e9rature que je stock sur un petit ordinateur avec Linux.<\/p>\n<p>J&#8217;ai aussi plusieurs capteurs de temp\u00e9rature, courant, radioactivit\u00e9, qualit\u00e9 de l&#8217;air connect\u00e9s sur un <a href=\"https:\/\/www.espressif.com\/en\/products\/hardware\/esp8266ex\/overview\">ESP8266<\/a> \/ <a href=\"https:\/\/sonoff.itead.cc\/en\/\">Sonoff<\/a>.<\/p>\n<p>Je stock les donn\u00e9es sur une base de donn\u00e9e <a href=\"https:\/\/www.influxdata.com\/\">influxdb<\/a> que je synchronise entre mon &#8220;home center&#8221; et mon site internet.<\/p>\n<p><a href=\"https:\/\/grafana.com\/\">Grafana<\/a> est l&#8217;outil que j&#8217;utilise pour afficher les donn\u00e9es dans des graphiques interactifs.<\/p>\n<p><strong>Mes webcams<\/strong><\/p>\n<p>J&#8217;ai plusieurs Raspberry PI, une avec une cam\u00e9ra NoIR (pas de filtre infrarouge) et les autres avec des cam\u00e9ras classique.<\/p>\n<p>Toutes les minutes, je prend une image que je &#8220;pousse&#8221; sur mon site internet.<\/p>\n<p><strong>D\u00e9tails<\/strong><\/p>\n<p>J&#8217;ai un ordinateur Mac Mini avec linux d&#8217;install\u00e9 (<a href=\"http:\/\/www.ubuntu.com\" target=\"_blank\" rel=\"noopener\">Ubuntu<\/a>).<\/p>\n<p>Pour r\u00e9cup\u00e9rer les donn\u00e9es de ma station m\u00e9t\u00e9o, j&#8217;utilise ce programme<br \/>\n<a href=\"http:\/\/te923.fukz.org\" target=\"_blank\" rel=\"noopener\">http:\/\/te923.fukz.org<\/a> que je lance depuis mon syst\u00e8me de domotique <a href=\"https:\/\/www.openhab.org\/docs\/\">OpenHab2<\/a>. J&#8217;ai aussi d&#8217;autre capteurs connect\u00e9 sur l&#8217;<a href=\"https:\/\/www.espressif.com\/en\/products\/hardware\/esp8266ex\/overview\">ESP8266<\/a> &#8211; j&#8217;ai aussi d&#8217;autres produits \u00e0 l&#8217;exemple du <a href=\"https:\/\/sonoff.itead.cc\/en\/\">Sonoff Pow 2<\/a> me permettant de faire des relev\u00e9s d&#8217;\u00e9nergie. Ces produits envoient leur donn\u00e9es sur un serveur <a href=\"https:\/\/mosquitto.org\/\">MQTT<\/a>. J&#8217;ai remplac\u00e9 le logiciel tournant sur ces produits par <a href=\"https:\/\/github.com\/arendst\/Sonoff-Tasmota\">Tasmota<\/a>.<\/p>\n<p>Je donne gratuitement tous les scripts et une marche \u00e0 suivre d\u00e9taill\u00e9e. Me contacter (<a href=\"https:\/\/nuage.ch\/site\/about\/gabriel-klein\/\">Gabriel<\/a>).<\/p>\n","protected":false},"excerpt":{"rendered":"<p>Ma station m\u00e9t\u00e9o Il s&#8217;agit d&#8217;une Irox Pro-X USB (te923w) Toutes les 10 minutes, je fais un relev\u00e9 de la temp\u00e9rature que je stock sur un petit ordinateur avec Linux. J&#8217;ai aussi plusieurs capteurs de temp\u00e9rature, courant, radioactivit\u00e9, qualit\u00e9 de l&#8217;air connect\u00e9s sur un ESP8266 \/ Sonoff. Je stock les donn\u00e9es sur une base de [&hellip;]<\/p>\n","protected":false},"author":1,"featured_media":0,"parent":93,"menu_order":60,"comment_status":"closed","ping_status":"open","template":"","meta":{"_crdt_document":"","jetpack_post_was_ever_published":false,"footnotes":""},"class_list":["post-177","page","type-page","status-publish","hentry"],"jetpack_shortlink":"https:\/\/wp.me\/P50cYU-2R","jetpack_sharing_enabled":true,"_links":{"self":[{"href":"https:\/\/nuage.ch\/site\/wp-json\/wp\/v2\/pages\/177","targetHints":{"allow":["GET"]}}],"collection":[{"href":"https:\/\/nuage.ch\/site\/wp-json\/wp\/v2\/pages"}],"about":[{"href":"https:\/\/nuage.ch\/site\/wp-json\/wp\/v2\/types\/page"}],"author":[{"embeddable":true,"href":"https:\/\/nuage.ch\/site\/wp-json\/wp\/v2\/users\/1"}],"replies":[{"embeddable":true,"href":"https:\/\/nuage.ch\/site\/wp-json\/wp\/v2\/comments?post=177"}],"version-history":[{"count":0,"href":"https:\/\/nuage.ch\/site\/wp-json\/wp\/v2\/pages\/177\/revisions"}],"up":[{"embeddable":true,"href":"https:\/\/nuage.ch\/site\/wp-json\/wp\/v2\/pages\/93"}],"wp:attachment":[{"href":"https:\/\/nuage.ch\/site\/wp-json\/wp\/v2\/media?parent=177"}],"curies":[{"name":"wp","href":"https:\/\/api.w.org\/{rel}","templated":true}]}}