{"id":16,"date":"2012-07-27T15:04:06","date_gmt":"2012-07-27T13:04:06","guid":{"rendered":"http:\/\/www.nuage.ch\/site2\/?page_id=16"},"modified":"2024-01-08T00:39:13","modified_gmt":"2024-01-07T23:39:13","slug":"gabriel-klein","status":"publish","type":"page","link":"https:\/\/nuage.ch\/site\/about\/gabriel-klein\/","title":{"rendered":"Gabriel Klein"},"content":{"rendered":"\n<p class=\"wp-block-paragraph\">You can see my CV on <a href=\"https:\/\/cv.nuage.ch\">https:\/\/cv.nuage.ch<\/a><\/p>\n\n\n\n<p class=\"wp-block-paragraph\">Je suis passionn\u00e9 par les nouvelles technologies ainsi que leur impact sur la soci\u00e9t\u00e9, l&#8217;entrepreneuriat, l&#8217;innovation et la musique.<\/p>\n\n\n\n<ul class=\"wp-block-list\">\n<li>Ing\u00e9nieur EPFL en <a href=\"http:\/\/ic.epfl.ch\/syscom\" target=\"_blank\" rel=\"noopener\">Syst\u00e8mes de Communication<\/a> (2004)<\/li>\n\n\n\n<li>EPFL EMBA en entrepreneuriat et management de la technologie ( <a title=\"MoT.epfl.ch\" href=\"http:\/\/MoT.epfl.ch\" target=\"_blank\" rel=\"noopener\">mot.epfl.ch<\/a> ) ( 2012 &#8211; 2013 )<\/li>\n\n\n\n<li>Fan de l&#8217;<a title=\"http:\/\/agilemanifesto.org\/iso\/fr\/\" href=\"http:\/\/agilemanifesto.org\/iso\/fr\/\" target=\"_blank\" rel=\"noopener\">agilit\u00e9<\/a>, <a title=\"Scrum Master (PSMI)\" href=\"http:\/\/www.scrum.org\/professional-scrum-master-i-ce\/\" target=\"_blank\" rel=\"noopener\">Scrum Master ( PSMI\u00a0 et PSPO)<\/a> ( D\u00e9couvrez <a title=\"Scrum\" href=\"http:\/\/fr.wikipedia.org\/wiki\/Scrum_%28m%C3%A9thode%29\" target=\"_blank\" rel=\"noopener\">Scrum<\/a> )<\/li>\n\n\n\n<li>Architecte d&#8217;entreprise ( Togaf ), Mobile ( <a title=\"Android\" href=\"http:\/\/www.android.com\/\" target=\"_blank\" rel=\"noopener\">Android<\/a> ), <a title=\"JEE\" href=\"http:\/\/www.oracle.com\/technetwork\/java\/javaee\/tech\/index.html\" target=\"_blank\" rel=\"noopener\">JEE<\/a>, <a title=\"Cloud Computing\" href=\"http:\/\/en.wikipedia.org\/wiki\/Cloud_computing\" target=\"_blank\" rel=\"noopener\">Cloud computing<\/a>, <a title=\"Linux\" href=\"http:\/\/en.wikipedia.org\/wiki\/Linux\" target=\"_blank\" rel=\"noopener\">Linux<\/a>, Internet of Things et tous les moyens de connecter et d\u00e9velopper des communaut\u00e9s<\/li>\n\n\n\n<li>Id\u00e9ologie d&#8217;ouverture: <a href=\"http:\/\/fr.wikipedia.org\/wiki\/Open_source\" target=\"_blank\" rel=\"noopener\">Open Source<\/a>, <a href=\"http:\/\/fr.wikipedia.org\/wiki\/Open_data\" target=\"_blank\" rel=\"noopener\">Open Data<\/a>, intelligence collective et transparence<\/li>\n\n\n\n<li>Leader passionn\u00e9 par le <a href=\"http:\/\/www.qualitystreet.fr\/2010\/04\/09\/coach-agile-bien-plus-quun-coach\/\" target=\"_blank\" rel=\"noopener\">coaching d&#8217;\u00e9quipes agiles<\/a> et la motivation d&#8217;une \u00e9quipe par l&#8217;exemple et la responsabilisation.<\/li>\n\n\n\n<li>Cornet\/Trompette\u00a0 \u00e0 la <a title=\"fanfare-du-jorat.ch\" href=\"http:\/\/www.fanfare-du-jorat.ch\" target=\"_blank\" rel=\"noopener\">Fanfare du Jorat<\/a><\/li>\n<\/ul>\n\n\n\n<p class=\"wp-block-paragraph\"><strong>Carte de visite<\/strong><br>\u260e: Mobile &#8211; 077 \/ 405 21 90 ou +41774052190 ou <a href=\"https:\/\/wa.me\/41774052190\">WhatApps<\/a><br>\u2709: <a href=\"mailto:gabriel.klein@nuage.ch\">gabriel.klein@nuage.ch<\/a><\/p>\n\n\n\n<p class=\"wp-block-paragraph\">Ou scannez ma carte de visite avec l&#8217;appareil photo de votre t\u00e9l\u00e9phone portable.<\/p>\n\n\n\n<figure class=\"wp-block-image size-full\"><a href=\"https:\/\/nuage.ch\/site\/wp-content\/uploads\/2024\/01\/barcode.gif\"><img loading=\"lazy\" decoding=\"async\" width=\"228\" height=\"228\" src=\"https:\/\/nuage.ch\/site\/wp-content\/uploads\/2024\/01\/barcode.gif\" alt=\"\" class=\"wp-image-2064\"\/><\/a><\/figure>\n\n\n\n<p class=\"wp-block-paragraph\"><strong>Discussion<\/strong><br><img loading=\"lazy\" decoding=\"async\" title=\"Skype\" src=\"\/site\/wp-content\/socnet-icons\/skype_32.png\" alt=\"\" width=\"32\" height=\"32\"> Sur Skype: <a href=\"gabriel.klein?add\" target=\"_blank\" rel=\"noopener\">gabriel.klein<\/a><\/p>\n\n\n\n<p class=\"wp-block-paragraph\"><strong>R\u00e9seaux sociaux<\/strong><br><img loading=\"lazy\" decoding=\"async\" class=\"alignnone\" title=\"Facebook\" src=\"\/site\/wp-content\/socnet-icons\/facebook_32.png\" alt=\"\" width=\"32\" height=\"32\"> Sur Facebook: <a href=\"http:\/\/www.facebook.com\/gabriel.klein\" target=\"_blank\" rel=\"noopener\">http:\/\/www.facebook.com\/gabriel.klein<\/a><br><img loading=\"lazy\" decoding=\"async\" class=\"alignnone\" title=\"LinkedIn\" src=\"\/site\/wp-content\/socnet-icons\/linkedin_32.png\" alt=\"\" width=\"32\" height=\"32\"> Sur LinkedIn: <a href=\"http:\/\/ch.linkedin.com\/in\/gabrielklein\" target=\"_blank\" rel=\"noopener\">http:\/\/ch.linkedin.com\/in\/gabrielklein<\/a><\/p>\n","protected":false},"excerpt":{"rendered":"<p>You can see my CV on https:\/\/cv.nuage.ch Je suis passionn\u00e9 par les nouvelles technologies ainsi que leur impact sur la soci\u00e9t\u00e9, l&#8217;entrepreneuriat, l&#8217;innovation et la musique. Carte de visite\u260e: Mobile &#8211; 077 \/ 405 21 90 ou +41774052190 ou WhatApps\u2709: gabriel.klein@nuage.ch Ou scannez ma carte de visite avec l&#8217;appareil photo de votre t\u00e9l\u00e9phone portable. Discussion [&hellip;]<\/p>\n","protected":false},"author":1,"featured_media":0,"parent":4,"menu_order":0,"comment_status":"closed","ping_status":"open","template":"","meta":{"_crdt_document":"","jetpack_post_was_ever_published":false,"footnotes":""},"class_list":["post-16","page","type-page","status-publish","hentry"],"jetpack_shortlink":"https:\/\/wp.me\/P50cYU-g","jetpack_sharing_enabled":true,"_links":{"self":[{"href":"https:\/\/nuage.ch\/site\/wp-json\/wp\/v2\/pages\/16","targetHints":{"allow":["GET"]}}],"collection":[{"href":"https:\/\/nuage.ch\/site\/wp-json\/wp\/v2\/pages"}],"about":[{"href":"https:\/\/nuage.ch\/site\/wp-json\/wp\/v2\/types\/page"}],"author":[{"embeddable":true,"href":"https:\/\/nuage.ch\/site\/wp-json\/wp\/v2\/users\/1"}],"replies":[{"embeddable":true,"href":"https:\/\/nuage.ch\/site\/wp-json\/wp\/v2\/comments?post=16"}],"version-history":[{"count":6,"href":"https:\/\/nuage.ch\/site\/wp-json\/wp\/v2\/pages\/16\/revisions"}],"predecessor-version":[{"id":2066,"href":"https:\/\/nuage.ch\/site\/wp-json\/wp\/v2\/pages\/16\/revisions\/2066"}],"up":[{"embeddable":true,"href":"https:\/\/nuage.ch\/site\/wp-json\/wp\/v2\/pages\/4"}],"wp:attachment":[{"href":"https:\/\/nuage.ch\/site\/wp-json\/wp\/v2\/media?parent=16"}],"curies":[{"name":"wp","href":"https:\/\/api.w.org\/{rel}","templated":true}]}}