{"id":1533,"date":"2019-08-16T08:54:46","date_gmt":"2019-08-16T06:54:46","guid":{"rendered":"https:\/\/nuage.ch\/site\/?page_id=1533"},"modified":"2022-10-13T09:40:30","modified_gmt":"2022-10-13T07:40:30","slug":"compteur-geiger-detecteur-de-radioactivite","status":"publish","type":"page","link":"https:\/\/nuage.ch\/site\/services\/compteur-geiger-detecteur-de-radioactivite\/","title":{"rendered":"Compteur Geiger, d\u00e9tecteur de radioactivit\u00e9"},"content":{"rendered":"\n<p class=\"wp-block-paragraph\">Trop de radon dans votre cave? Probl\u00e8mes de radioactivit\u00e9 chez vous? <br><br>Louez un compteur Geiger pour conna\u00eetre la radioactivit\u00e9 dans vos environnements de vie!<br><br>Le Gamma Scout vous permet de conna\u00eetre les radiations Alpha, Beta et Gamma.<\/p>\n\n\n\n<figure class=\"wp-block-image size-full\"><a href=\"https:\/\/nuage.ch\/site\/wp-content\/uploads\/2022\/10\/image.png\"><img loading=\"lazy\" decoding=\"async\" width=\"400\" height=\"533\" src=\"https:\/\/nuage.ch\/site\/wp-content\/uploads\/2022\/10\/image.png\" alt=\"\" class=\"wp-image-1972\" srcset=\"https:\/\/nuage.ch\/site\/wp-content\/uploads\/2022\/10\/image.png 400w, https:\/\/nuage.ch\/site\/wp-content\/uploads\/2022\/10\/image-225x300.png 225w\" sizes=\"auto, (max-width: 400px) 100vw, 400px\" \/><\/a><\/figure>\n\n\n\n<p class=\"wp-block-paragraph\"><a href=\"https:\/\/nuage.ch\/site\/montpreveyres\/radioactivite\/\">Monitorage de la radioactivit\u00e9 ambiante \u00e0 Montpreveyres.<\/a><\/p>\n\n\n\n<figure class=\"wp-block-image\"><img loading=\"lazy\" decoding=\"async\" width=\"460\" height=\"446\" src=\"https:\/\/nuage.ch\/site\/wp-content\/uploads\/2019\/08\/image.png\" alt=\"\" class=\"wp-image-1534\" srcset=\"https:\/\/nuage.ch\/site\/wp-content\/uploads\/2019\/08\/image.png 460w, https:\/\/nuage.ch\/site\/wp-content\/uploads\/2019\/08\/image-300x291.png 300w\" sizes=\"auto, (max-width: 460px) 100vw, 460px\" \/><\/figure>\n\n\n\n<figure class=\"wp-block-image\"><img loading=\"lazy\" decoding=\"async\" width=\"436\" height=\"654\" src=\"https:\/\/nuage.ch\/site\/wp-content\/uploads\/2019\/08\/image-1.png\" alt=\"\" class=\"wp-image-1535\" srcset=\"https:\/\/nuage.ch\/site\/wp-content\/uploads\/2019\/08\/image-1.png 436w, https:\/\/nuage.ch\/site\/wp-content\/uploads\/2019\/08\/image-1-200x300.png 200w\" sizes=\"auto, (max-width: 436px) 100vw, 436px\" \/><\/figure>\n\n\n\n<p class=\"wp-block-paragraph\">Prix de la location<\/p>\n\n\n\n<ul class=\"wp-block-list\">\n<li>Location: 50.-\/48h<\/li>\n\n\n\n<li>En cas de <a href=\"https:\/\/nuage.ch\/site\/services\/thermographie\/\">location de ma cam\u00e9ra infrarouge<\/a>, mon compteur geiger est pr\u00eat\u00e9 gratuitement sur demande!<\/li>\n<\/ul>\n\n\n\n<p class=\"wp-block-paragraph\"><\/p>\n","protected":false},"excerpt":{"rendered":"<p>Trop de radon dans votre cave? Probl\u00e8mes de radioactivit\u00e9 chez vous? Louez un compteur Geiger pour conna\u00eetre la radioactivit\u00e9 dans vos environnements de vie! Le Gamma Scout vous permet de conna\u00eetre les radiations Alpha, Beta et Gamma. Monitorage de la radioactivit\u00e9 ambiante \u00e0 Montpreveyres. Prix de la location<\/p>\n","protected":false},"author":1,"featured_media":0,"parent":384,"menu_order":0,"comment_status":"closed","ping_status":"closed","template":"","meta":{"_crdt_document":"","jetpack_post_was_ever_published":false,"footnotes":""},"class_list":["post-1533","page","type-page","status-publish","hentry"],"jetpack_shortlink":"https:\/\/wp.me\/P50cYU-oJ","jetpack_sharing_enabled":true,"_links":{"self":[{"href":"https:\/\/nuage.ch\/site\/wp-json\/wp\/v2\/pages\/1533","targetHints":{"allow":["GET"]}}],"collection":[{"href":"https:\/\/nuage.ch\/site\/wp-json\/wp\/v2\/pages"}],"about":[{"href":"https:\/\/nuage.ch\/site\/wp-json\/wp\/v2\/types\/page"}],"author":[{"embeddable":true,"href":"https:\/\/nuage.ch\/site\/wp-json\/wp\/v2\/users\/1"}],"replies":[{"embeddable":true,"href":"https:\/\/nuage.ch\/site\/wp-json\/wp\/v2\/comments?post=1533"}],"version-history":[{"count":0,"href":"https:\/\/nuage.ch\/site\/wp-json\/wp\/v2\/pages\/1533\/revisions"}],"up":[{"embeddable":true,"href":"https:\/\/nuage.ch\/site\/wp-json\/wp\/v2\/pages\/384"}],"wp:attachment":[{"href":"https:\/\/nuage.ch\/site\/wp-json\/wp\/v2\/media?parent=1533"}],"curies":[{"name":"wp","href":"https:\/\/api.w.org\/{rel}","templated":true}]}}