{"id":12,"date":"2012-07-27T14:45:06","date_gmt":"2012-07-27T12:45:06","guid":{"rendered":"http:\/\/www.nuage.ch\/site2\/?page_id=12"},"modified":"2019-01-13T22:23:12","modified_gmt":"2019-01-13T21:23:12","slug":"delphine-klein","status":"publish","type":"page","link":"https:\/\/nuage.ch\/site\/about\/delphine-klein\/","title":{"rendered":"Delphine Klein"},"content":{"rendered":"<p>N\u00e9e le 11.12.1976 \u00e0 Vevey.<\/p>\n<p>Secr\u00e9taire \u00e0 l&#8217;Universit\u00e9 de Lausanne\u00a0&#8211; Institut de Psychologie &#8211; Geopolis &#8211; 1015 Lausanne<\/p>\n<p><a href=\"https:\/\/www.linkedin.com\/in\/delphine-klein-simone-3b9829103\">https:\/\/www.linkedin.com\/in\/delphine-klein-simone-3b9829103<\/a><\/p>\n<p>Aime\u00a0les voyages,\u00a0le cin\u00e9ma,\u00a0la musique, le v\u00e9lo, les promenades et\u00a0les chats<\/p>\n<p><img loading=\"lazy\" decoding=\"async\" class=\"alignnone  wp-image-1295\" src=\"https:\/\/nuage.ch\/site\/wp-content\/uploads\/2019\/01\/23434700_10212145862856527_9050909857318314218_n-2-300x300.jpg\" alt=\"\" width=\"154\" height=\"154\" srcset=\"https:\/\/nuage.ch\/site\/wp-content\/uploads\/2019\/01\/23434700_10212145862856527_9050909857318314218_n-2-300x300.jpg 300w, https:\/\/nuage.ch\/site\/wp-content\/uploads\/2019\/01\/23434700_10212145862856527_9050909857318314218_n-2-150x150.jpg 150w, https:\/\/nuage.ch\/site\/wp-content\/uploads\/2019\/01\/23434700_10212145862856527_9050909857318314218_n-2.jpg 365w\" sizes=\"auto, (max-width: 154px) 100vw, 154px\" \/><\/p>\n<p>Pour contacter Delphine\u00a0<br \/>\u260f: 077 \/ 469 38 20<br \/>\u2709: delphine.klein [-at-] nuage.ch<\/p>\n\n\n<ul class=\"wp-block-gallery columns-1 is-cropped wp-block-gallery-1 is-layout-flex wp-block-gallery-is-layout-flex\"><li class=\"blocks-gallery-item\"><figure><img loading=\"lazy\" decoding=\"async\" width=\"1024\" height=\"576\" src=\"https:\/\/nuage.ch\/site\/wp-content\/uploads\/2019\/01\/20190109_154009-1024x576.jpg\" alt=\"\" data-id=\"669\" class=\"wp-image-669\" srcset=\"https:\/\/nuage.ch\/site\/wp-content\/uploads\/2019\/01\/20190109_154009-1024x576.jpg 1024w, https:\/\/nuage.ch\/site\/wp-content\/uploads\/2019\/01\/20190109_154009-300x169.jpg 300w, https:\/\/nuage.ch\/site\/wp-content\/uploads\/2019\/01\/20190109_154009-768x432.jpg 768w\" sizes=\"auto, (max-width: 1024px) 100vw, 1024px\" \/><\/figure><\/li><\/ul>\n\n\n\n<figure class=\"wp-block-embed-wordpress wp-block-embed is-type-wp-embed is-provider-www-nuage-ch\"><div class=\"wp-block-embed__wrapper\">\n<blockquote class=\"wp-embedded-content\" data-secret=\"xeYgwBPpBN\"><a href=\"https:\/\/nuage.ch\/site\/photos\/\">Photos<\/a><\/blockquote><iframe loading=\"lazy\" class=\"wp-embedded-content\" sandbox=\"allow-scripts\" security=\"restricted\" style=\"position: absolute; clip: rect(1px, 1px, 1px, 1px);\" title=\"&#8220;Photos&#8221; &#8212; www.nuage.ch\" src=\"https:\/\/nuage.ch\/site\/photos\/embed\/#?secret=1JY9IhJAjb#?secret=xeYgwBPpBN\" data-secret=\"xeYgwBPpBN\" width=\"600\" height=\"338\" frameborder=\"0\" marginwidth=\"0\" marginheight=\"0\" scrolling=\"no\"><\/iframe>\n<\/div><\/figure>\n","protected":false},"excerpt":{"rendered":"<p>N\u00e9e le 11.12.1976 \u00e0 Vevey. Secr\u00e9taire \u00e0 l&#8217;Universit\u00e9 de Lausanne\u00a0&#8211; Institut de Psychologie &#8211; Geopolis &#8211; 1015 Lausanne https:\/\/www.linkedin.com\/in\/delphine-klein-simone-3b9829103 Aime\u00a0les voyages,\u00a0le cin\u00e9ma,\u00a0la musique, le v\u00e9lo, les promenades et\u00a0les chats Pour contacter Delphine\u00a0\u260f: 077 \/ 469 38 20\u2709: delphine.klein [-at-] nuage.ch<\/p>\n","protected":false},"author":1,"featured_media":0,"parent":4,"menu_order":10,"comment_status":"closed","ping_status":"open","template":"","meta":{"_crdt_document":"","jetpack_post_was_ever_published":false,"footnotes":""},"class_list":["post-12","page","type-page","status-publish","hentry"],"jetpack_shortlink":"https:\/\/wp.me\/P50cYU-c","jetpack_sharing_enabled":true,"_links":{"self":[{"href":"https:\/\/nuage.ch\/site\/wp-json\/wp\/v2\/pages\/12","targetHints":{"allow":["GET"]}}],"collection":[{"href":"https:\/\/nuage.ch\/site\/wp-json\/wp\/v2\/pages"}],"about":[{"href":"https:\/\/nuage.ch\/site\/wp-json\/wp\/v2\/types\/page"}],"author":[{"embeddable":true,"href":"https:\/\/nuage.ch\/site\/wp-json\/wp\/v2\/users\/1"}],"replies":[{"embeddable":true,"href":"https:\/\/nuage.ch\/site\/wp-json\/wp\/v2\/comments?post=12"}],"version-history":[{"count":0,"href":"https:\/\/nuage.ch\/site\/wp-json\/wp\/v2\/pages\/12\/revisions"}],"up":[{"embeddable":true,"href":"https:\/\/nuage.ch\/site\/wp-json\/wp\/v2\/pages\/4"}],"wp:attachment":[{"href":"https:\/\/nuage.ch\/site\/wp-json\/wp\/v2\/media?parent=12"}],"curies":[{"name":"wp","href":"https:\/\/api.w.org\/{rel}","templated":true}]}}